{"id":86,"date":"2025-03-10T13:04:43","date_gmt":"2025-03-10T13:04:43","guid":{"rendered":"https:\/\/arenato.es\/?page_id=86"},"modified":"2025-03-10T13:05:08","modified_gmt":"2025-03-10T13:05:08","slug":"privacy-policy","status":"publish","type":"page","link":"https:\/\/arenato.es\/?page_id=86","title":{"rendered":"Privacy Policy"},"content":{"rendered":"\t\t<div data-elementor-type=\"wp-page\" data-elementor-id=\"86\" class=\"elementor elementor-86\">\n\t\t\t\t<div class=\"elementor-element elementor-element-c7f8adf e-flex e-con-boxed e-con e-parent\" data-id=\"c7f8adf\" data-element_type=\"container\">\n\t\t\t\t\t<div class=\"e-con-inner\">\n\t\t\t\t<div class=\"elementor-element elementor-element-40b5c5f elementor-widget elementor-widget-heading\" data-id=\"40b5c5f\" data-element_type=\"widget\" data-widget_type=\"heading.default\">\n\t\t\t\t<div class=\"elementor-widget-container\">\n\t\t\t\t\t<h3 class=\"elementor-heading-title elementor-size-default\">Privacy Policy<\/h3>\t\t\t\t<\/div>\n\t\t\t\t<\/div>\n\t\t\t\t<div class=\"elementor-element elementor-element-9120e0e elementor-widget elementor-widget-text-editor\" data-id=\"9120e0e\" data-element_type=\"widget\" data-widget_type=\"text-editor.default\">\n\t\t\t\t<div class=\"elementor-widget-container\">\n\t\t\t\t\t\t\t\t\t<p>This Privacy Policy establishes the terms in which Agromecanica Renato uses and protects the information that is provided by its users when using its website. This company is committed to the security of its users&#8217; data. When we ask you to fill in the fields of personal information with which you can be identified, we do so ensuring that it will only be used in accordance with the terms of this document. However, this Privacy Policy may change over time or be updated, so we recommend and emphasize that you continually review this page to ensure that you agree with such changes.<\/p><p>Information that is collected<\/p><p>Our website may collect personal information such as: Name, contact information such as your email address and demographic information. Likewise, when necessary, specific information may be required to process an order or make a delivery or billing.<\/p><p>Use of the information collected<\/p><p>Our website uses the information in order to provide the best possible service, particularly to keep a record of users, orders if applicable, and improve our products and services. Periodically, emails may be sent through our site with special offers, new products and other advertising information that we consider relevant to you or that may provide you with some benefit. These emails will be sent to the address you provide and may be cancelled at any time.<\/p><p>Agromecanica Renato is highly committed to fulfilling the commitment to keep your information safe. We use the most advanced systems and constantly update them to ensure that there is no unauthorized access.<\/p><p>Cookies<\/p><p>A cookie refers to a file that is sent with the purpose of requesting permission to be stored on your computer. By accepting said file, the cookie is created and then serves to have information regarding web traffic, and also facilitates future visits to a recurring website. Another function that cookies have is that with them the websites can recognize you individually and therefore provide you with the best personalized service on their website.<\/p><p>Our website uses cookies to identify the pages that are visited and their frequency. This information is used only for statistical analysis and then the information is permanently deleted. You can delete cookies at any time from your computer. However, cookies help to provide a better service on websites. They do not give access to information from your computer or from you, unless you want it and provide it directly. You can accept or deny the use of cookies, however, most browsers automatically accept cookies because it serves to have a better web service. You can also change the configuration of your computer to decline cookies. If you decline them, you may not be able to use some of our services.<\/p><p>Links to Third Parties<\/p><p>This website may contain links to other sites that may be of interest to you. Once you click on these links and leave our page, we no longer have control over the site to which you are redirected and therefore we are not responsible for the terms or privacy or the protection of your data on these other third party sites. These sites are subject to their own privacy policies, so it is recommended that you consult them to confirm that you agree with them.<\/p><p>Controlling your personal information<\/p><p>At any time you may restrict the collection or use of the personal information that is provided to our website. Each time you are asked to fill out a form, such as the user registration form, you may check or uncheck the option to receive information by email. In case you have checked the option to receive our newsletter or advertising you may cancel it at any time.<\/p><p>This company will not sell, assign or distribute the personal information that is collected without your consent, unless required by a judge with a court order.<\/p><p>Agromecanica Renato reserves the right to change the terms of this Privacy Policy at any time.<\/p>\t\t\t\t\t\t\t\t<\/div>\n\t\t\t\t<\/div>\n\t\t\t\t\t<\/div>\n\t\t\t\t<\/div>\n\t\t\t\t<\/div>\n\t\t","protected":false},"excerpt":{"rendered":"<p>Privacy Policy This Privacy Policy establishes the terms in which Agromecanica Renato uses and protects the information that is provided [&hellip;]<\/p>\n","protected":false},"author":2,"featured_media":0,"parent":0,"menu_order":0,"comment_status":"closed","ping_status":"closed","template":"","meta":{"site-sidebar-layout":"no-sidebar","site-content-layout":"","ast-site-content-layout":"full-width-container","site-content-style":"default","site-sidebar-style":"default","ast-global-header-display":"","ast-banner-title-visibility":"","ast-main-header-display":"","ast-hfb-above-header-display":"","ast-hfb-below-header-display":"","ast-hfb-mobile-header-display":"","site-post-title":"disabled","ast-breadcrumbs-content":"","ast-featured-img":"disabled","footer-sml-layout":"","theme-transparent-header-meta":"","adv-header-id-meta":"","stick-header-meta":"","header-above-stick-meta":"","header-main-stick-meta":"","header-below-stick-meta":"","astra-migrate-meta-layouts":"default","ast-page-background-enabled":"default","ast-page-background-meta":{"desktop":{"background-color":"var(--ast-global-color-5)","background-image":"","background-repeat":"repeat","background-position":"center center","background-size":"auto","background-attachment":"scroll","background-type":"","background-media":"","overlay-type":"","overlay-color":"","overlay-opacity":"","overlay-gradient":""},"tablet":{"background-color":"","background-image":"","background-repeat":"repeat","background-position":"center center","background-size":"auto","background-attachment":"scroll","background-type":"","background-media":"","overlay-type":"","overlay-color":"","overlay-opacity":"","overlay-gradient":""},"mobile":{"background-color":"","background-image":"","background-repeat":"repeat","background-position":"center center","background-size":"auto","background-attachment":"scroll","background-type":"","background-media":"","overlay-type":"","overlay-color":"","overlay-opacity":"","overlay-gradient":""}},"ast-content-background-meta":{"desktop":{"background-color":"var(--ast-global-color-4)","background-image":"","background-repeat":"repeat","background-position":"center center","background-size":"auto","background-attachment":"scroll","background-type":"","background-media":"","overlay-type":"","overlay-color":"","overlay-opacity":"","overlay-gradient":""},"tablet":{"background-color":"var(--ast-global-color-4)","background-image":"","background-repeat":"repeat","background-position":"center center","background-size":"auto","background-attachment":"scroll","background-type":"","background-media":"","overlay-type":"","overlay-color":"","overlay-opacity":"","overlay-gradient":""},"mobile":{"background-color":"var(--ast-global-color-4)","background-image":"","background-repeat":"repeat","background-position":"center center","background-size":"auto","background-attachment":"scroll","background-type":"","background-media":"","overlay-type":"","overlay-color":"","overlay-opacity":"","overlay-gradient":""}},"footnotes":""},"class_list":["post-86","page","type-page","status-publish","hentry"],"yoast_head":"<!-- This site is optimized with the Yoast SEO plugin v26.6 - https:\/\/yoast.com\/wordpress\/plugins\/seo\/ -->\n<title>Privacy Policy - Arenato<\/title>\n<meta name=\"robots\" content=\"index, follow, max-snippet:-1, max-image-preview:large, max-video-preview:-1\" \/>\n<link rel=\"canonical\" href=\"https:\/\/arenato.es\/?page_id=86\" \/>\n<meta property=\"og:locale\" content=\"es_ES\" \/>\n<meta property=\"og:type\" content=\"article\" \/>\n<meta property=\"og:title\" content=\"Privacy Policy - Arenato\" \/>\n<meta property=\"og:description\" content=\"Privacy Policy This Privacy Policy establishes the terms in which Agromecanica Renato uses and protects the information that is provided [&hellip;]\" \/>\n<meta property=\"og:url\" content=\"https:\/\/arenato.es\/?page_id=86\" \/>\n<meta property=\"og:site_name\" content=\"Arenato\" \/>\n<meta property=\"article:modified_time\" content=\"2025-03-10T13:05:08+00:00\" \/>\n<meta name=\"twitter:card\" content=\"summary_large_image\" \/>\n<meta name=\"twitter:label1\" content=\"Tiempo de lectura\" \/>\n\t<meta name=\"twitter:data1\" content=\"4 minutos\" \/>\n<script type=\"application\/ld+json\" class=\"yoast-schema-graph\">{\"@context\":\"https:\/\/schema.org\",\"@graph\":[{\"@type\":\"WebPage\",\"@id\":\"https:\/\/arenato.es\/?page_id=86\",\"url\":\"https:\/\/arenato.es\/?page_id=86\",\"name\":\"Privacy Policy - Arenato\",\"isPartOf\":{\"@id\":\"https:\/\/arenato.es\/#website\"},\"datePublished\":\"2025-03-10T13:04:43+00:00\",\"dateModified\":\"2025-03-10T13:05:08+00:00\",\"breadcrumb\":{\"@id\":\"https:\/\/arenato.es\/?page_id=86#breadcrumb\"},\"inLanguage\":\"es\",\"potentialAction\":[{\"@type\":\"ReadAction\",\"target\":[\"https:\/\/arenato.es\/?page_id=86\"]}]},{\"@type\":\"BreadcrumbList\",\"@id\":\"https:\/\/arenato.es\/?page_id=86#breadcrumb\",\"itemListElement\":[{\"@type\":\"ListItem\",\"position\":1,\"name\":\"Portada\",\"item\":\"https:\/\/arenato.es\/?page_id=24&lang=es\"},{\"@type\":\"ListItem\",\"position\":2,\"name\":\"Privacy Policy\"}]},{\"@type\":\"WebSite\",\"@id\":\"https:\/\/arenato.es\/#website\",\"url\":\"https:\/\/arenato.es\/\",\"name\":\"Arenato\",\"description\":\"Agromec\u00e1nica Renato, Lerma, Castilla y Le\u00f3n, Spain. Servicio Oficial New Holland. Red Tecno Taller. Taller reparaci\u00f3n de autom\u00f3viles y veh\u00edculos agr\u00edcolas.\",\"publisher\":{\"@id\":\"https:\/\/arenato.es\/#organization\"},\"potentialAction\":[{\"@type\":\"SearchAction\",\"target\":{\"@type\":\"EntryPoint\",\"urlTemplate\":\"https:\/\/arenato.es\/?s={search_term_string}\"},\"query-input\":{\"@type\":\"PropertyValueSpecification\",\"valueRequired\":true,\"valueName\":\"search_term_string\"}}],\"inLanguage\":\"es\"},{\"@type\":\"Organization\",\"@id\":\"https:\/\/arenato.es\/#organization\",\"name\":\"Arenato\",\"url\":\"https:\/\/arenato.es\/\",\"logo\":{\"@type\":\"ImageObject\",\"inLanguage\":\"es\",\"@id\":\"https:\/\/arenato.es\/#\/schema\/logo\/image\/\",\"url\":\"https:\/\/arenato.es\/wp-content\/uploads\/2025\/03\/logo_arenato.jpg\",\"contentUrl\":\"https:\/\/arenato.es\/wp-content\/uploads\/2025\/03\/logo_arenato.jpg\",\"width\":133,\"height\":133,\"caption\":\"Arenato\"},\"image\":{\"@id\":\"https:\/\/arenato.es\/#\/schema\/logo\/image\/\"}}]}<\/script>\n<!-- \/ Yoast SEO plugin. -->","yoast_head_json":{"title":"Privacy Policy - Arenato","robots":{"index":"index","follow":"follow","max-snippet":"max-snippet:-1","max-image-preview":"max-image-preview:large","max-video-preview":"max-video-preview:-1"},"canonical":"https:\/\/arenato.es\/?page_id=86","og_locale":"es_ES","og_type":"article","og_title":"Privacy Policy - Arenato","og_description":"Privacy Policy This Privacy Policy establishes the terms in which Agromecanica Renato uses and protects the information that is provided [&hellip;]","og_url":"https:\/\/arenato.es\/?page_id=86","og_site_name":"Arenato","article_modified_time":"2025-03-10T13:05:08+00:00","twitter_card":"summary_large_image","twitter_misc":{"Tiempo de lectura":"4 minutos"},"schema":{"@context":"https:\/\/schema.org","@graph":[{"@type":"WebPage","@id":"https:\/\/arenato.es\/?page_id=86","url":"https:\/\/arenato.es\/?page_id=86","name":"Privacy Policy - Arenato","isPartOf":{"@id":"https:\/\/arenato.es\/#website"},"datePublished":"2025-03-10T13:04:43+00:00","dateModified":"2025-03-10T13:05:08+00:00","breadcrumb":{"@id":"https:\/\/arenato.es\/?page_id=86#breadcrumb"},"inLanguage":"es","potentialAction":[{"@type":"ReadAction","target":["https:\/\/arenato.es\/?page_id=86"]}]},{"@type":"BreadcrumbList","@id":"https:\/\/arenato.es\/?page_id=86#breadcrumb","itemListElement":[{"@type":"ListItem","position":1,"name":"Portada","item":"https:\/\/arenato.es\/?page_id=24&lang=es"},{"@type":"ListItem","position":2,"name":"Privacy Policy"}]},{"@type":"WebSite","@id":"https:\/\/arenato.es\/#website","url":"https:\/\/arenato.es\/","name":"Arenato","description":"Agromec\u00e1nica Renato, Lerma, Castilla y Le\u00f3n, Spain. Servicio Oficial New Holland. Red Tecno Taller. Taller reparaci\u00f3n de autom\u00f3viles y veh\u00edculos agr\u00edcolas.","publisher":{"@id":"https:\/\/arenato.es\/#organization"},"potentialAction":[{"@type":"SearchAction","target":{"@type":"EntryPoint","urlTemplate":"https:\/\/arenato.es\/?s={search_term_string}"},"query-input":{"@type":"PropertyValueSpecification","valueRequired":true,"valueName":"search_term_string"}}],"inLanguage":"es"},{"@type":"Organization","@id":"https:\/\/arenato.es\/#organization","name":"Arenato","url":"https:\/\/arenato.es\/","logo":{"@type":"ImageObject","inLanguage":"es","@id":"https:\/\/arenato.es\/#\/schema\/logo\/image\/","url":"https:\/\/arenato.es\/wp-content\/uploads\/2025\/03\/logo_arenato.jpg","contentUrl":"https:\/\/arenato.es\/wp-content\/uploads\/2025\/03\/logo_arenato.jpg","width":133,"height":133,"caption":"Arenato"},"image":{"@id":"https:\/\/arenato.es\/#\/schema\/logo\/image\/"}}]}},"_links":{"self":[{"href":"https:\/\/arenato.es\/index.php?rest_route=\/wp\/v2\/pages\/86","targetHints":{"allow":["GET"]}}],"collection":[{"href":"https:\/\/arenato.es\/index.php?rest_route=\/wp\/v2\/pages"}],"about":[{"href":"https:\/\/arenato.es\/index.php?rest_route=\/wp\/v2\/types\/page"}],"author":[{"embeddable":true,"href":"https:\/\/arenato.es\/index.php?rest_route=\/wp\/v2\/users\/2"}],"replies":[{"embeddable":true,"href":"https:\/\/arenato.es\/index.php?rest_route=%2Fwp%2Fv2%2Fcomments&post=86"}],"version-history":[{"count":4,"href":"https:\/\/arenato.es\/index.php?rest_route=\/wp\/v2\/pages\/86\/revisions"}],"predecessor-version":[{"id":90,"href":"https:\/\/arenato.es\/index.php?rest_route=\/wp\/v2\/pages\/86\/revisions\/90"}],"wp:attachment":[{"href":"https:\/\/arenato.es\/index.php?rest_route=%2Fwp%2Fv2%2Fmedia&parent=86"}],"curies":[{"name":"wp","href":"https:\/\/api.w.org\/{rel}","templated":true}]}}