{"id":273,"date":"2025-03-11T12:50:18","date_gmt":"2025-03-11T12:50:18","guid":{"rendered":"https:\/\/arenato.es\/?page_id=273"},"modified":"2025-03-11T13:18:53","modified_gmt":"2025-03-11T13:18:53","slug":"sobre-nosotros","status":"publish","type":"page","link":"https:\/\/arenato.es\/?page_id=273&lang=es","title":{"rendered":"Sobre Nosotros"},"content":{"rendered":"\t\t<div data-elementor-type=\"wp-page\" data-elementor-id=\"273\" class=\"elementor elementor-273\">\n\t\t\t\t<div class=\"elementor-element elementor-element-97d57a0 e-flex e-con-boxed e-con e-parent\" data-id=\"97d57a0\" data-element_type=\"container\">\n\t\t\t\t\t<div class=\"e-con-inner\">\n\t\t\t\t<div class=\"elementor-element elementor-element-79ce9c8 elementor-widget elementor-widget-heading\" data-id=\"79ce9c8\" data-element_type=\"widget\" data-widget_type=\"heading.default\">\n\t\t\t\t<div class=\"elementor-widget-container\">\n\t\t\t\t\t<h2 class=\"elementor-heading-title elementor-size-default\">Sobre Nosotros<\/h2>\t\t\t\t<\/div>\n\t\t\t\t<\/div>\n\t\t\t\t<div class=\"elementor-element elementor-element-1897782 elementor-widget elementor-widget-text-editor\" data-id=\"1897782\" data-element_type=\"widget\" data-widget_type=\"text-editor.default\">\n\t\t\t\t<div class=\"elementor-widget-container\">\n\t\t\t\t\t\t\t\t\t<p>AGROMEC\u00c1NICA RENATO es una empresa dedicada al mantenimiento y reparaci\u00f3n de veh\u00edculos, que ofrece una amplia gama de servicios para su perfecto estado. Nuestra prioridad es ofrecer un trato cercano y profesional a nuestros clientes, adem\u00e1s de tratar al veh\u00edculo como si fuera nuestro. Queremos que nuestros clientes gocen de sus veh\u00edculos en las mejores condiciones, tanto en seguridad como en calidad y prestaciones. Para cualquier consulta, no dude en contactar con nosotros<\/p>\t\t\t\t\t\t\t\t<\/div>\n\t\t\t\t<\/div>\n\t\t\t\t<div class=\"elementor-element elementor-element-35c40d5 elementor-widget__width-inherit elementor-widget elementor-widget-image\" data-id=\"35c40d5\" data-element_type=\"widget\" data-widget_type=\"image.default\">\n\t\t\t\t<div class=\"elementor-widget-container\">\n\t\t\t\t\t\t\t\t\t\t\t\t\t\t\t<img decoding=\"async\" src=\"https:\/\/arenato.es\/wp-content\/uploads\/elementor\/thumbs\/10-rg7i1s1keavkyn5f2gpv5c22dhkfq7rot656pjtymg.jpg\" title=\"AGROMEC\u00c1NICA RENATO\" alt=\"AGROMEC\u00c1NICA RENATO\" loading=\"lazy\" \/>\t\t\t\t\t\t\t\t\t\t\t\t\t\t\t<\/div>\n\t\t\t\t<\/div>\n\t\t\t\t<div class=\"elementor-element elementor-element-d250098 elementor-widget elementor-widget-text-editor\" data-id=\"d250098\" data-element_type=\"widget\" data-widget_type=\"text-editor.default\">\n\t\t\t\t<div class=\"elementor-widget-container\">\n\t\t\t\t\t\t\t\t\t<p>En la actualidad somos el principal importador y exportador de tractores agr\u00edcolas de segunda mano de calidad y equipos relacionados en la UE, con un stock de m\u00e1s de 100 m\u00e1quinas. En los \u00faltimos a\u00f1os tambi\u00e9n hemos creado un gran stock de equipos de construcci\u00f3n. Vendemos tanto a agricultores y otros usuarios agr\u00edcolas como a compradores comerciales y miembros del p\u00fablico. Podemos abastecernos seg\u00fan sus necesidades.<\/p>\t\t\t\t\t\t\t\t<\/div>\n\t\t\t\t<\/div>\n\t\t\t\t<div class=\"elementor-element elementor-element-0964d4d elementor-widget__width-inherit elementor-widget elementor-widget-image\" data-id=\"0964d4d\" data-element_type=\"widget\" data-widget_type=\"image.default\">\n\t\t\t\t<div class=\"elementor-widget-container\">\n\t\t\t\t\t\t\t\t\t\t\t\t\t\t\t<img decoding=\"async\" src=\"https:\/\/arenato.es\/wp-content\/uploads\/elementor\/thumbs\/12-rg7i1s1keavkyn5f2gpv5c22dhkfq7rot656pjtymg.jpg\" title=\"AGROMEC\u00c1NICA RENATO\" alt=\"AGROMEC\u00c1NICA RENATO\" loading=\"lazy\" \/>\t\t\t\t\t\t\t\t\t\t\t\t\t\t\t<\/div>\n\t\t\t\t<\/div>\n\t\t\t\t\t<\/div>\n\t\t\t\t<\/div>\n\t\t\t\t<\/div>\n\t\t","protected":false},"excerpt":{"rendered":"<p>Sobre Nosotros AGROMEC\u00c1NICA RENATO es una empresa dedicada al mantenimiento y reparaci\u00f3n de veh\u00edculos, que ofrece una amplia gama de [&hellip;]<\/p>\n","protected":false},"author":2,"featured_media":0,"parent":0,"menu_order":0,"comment_status":"closed","ping_status":"closed","template":"","meta":{"site-sidebar-layout":"no-sidebar","site-content-layout":"","ast-site-content-layout":"full-width-container","site-content-style":"default","site-sidebar-style":"default","ast-global-header-display":"","ast-banner-title-visibility":"","ast-main-header-display":"","ast-hfb-above-header-display":"","ast-hfb-below-header-display":"","ast-hfb-mobile-header-display":"","site-post-title":"disabled","ast-breadcrumbs-content":"","ast-featured-img":"disabled","footer-sml-layout":"","theme-transparent-header-meta":"","adv-header-id-meta":"","stick-header-meta":"","header-above-stick-meta":"","header-main-stick-meta":"","header-below-stick-meta":"","astra-migrate-meta-layouts":"default","ast-page-background-enabled":"default","ast-page-background-meta":{"desktop":{"background-color":"var(--ast-global-color-5)","background-image":"","background-repeat":"repeat","background-position":"center center","background-size":"auto","background-attachment":"scroll","background-type":"","background-media":"","overlay-type":"","overlay-color":"","overlay-opacity":"","overlay-gradient":""},"tablet":{"background-color":"","background-image":"","background-repeat":"repeat","background-position":"center center","background-size":"auto","background-attachment":"scroll","background-type":"","background-media":"","overlay-type":"","overlay-color":"","overlay-opacity":"","overlay-gradient":""},"mobile":{"background-color":"","background-image":"","background-repeat":"repeat","background-position":"center center","background-size":"auto","background-attachment":"scroll","background-type":"","background-media":"","overlay-type":"","overlay-color":"","overlay-opacity":"","overlay-gradient":""}},"ast-content-background-meta":{"desktop":{"background-color":"var(--ast-global-color-4)","background-image":"","background-repeat":"repeat","background-position":"center center","background-size":"auto","background-attachment":"scroll","background-type":"","background-media":"","overlay-type":"","overlay-color":"","overlay-opacity":"","overlay-gradient":""},"tablet":{"background-color":"var(--ast-global-color-4)","background-image":"","background-repeat":"repeat","background-position":"center center","background-size":"auto","background-attachment":"scroll","background-type":"","background-media":"","overlay-type":"","overlay-color":"","overlay-opacity":"","overlay-gradient":""},"mobile":{"background-color":"var(--ast-global-color-4)","background-image":"","background-repeat":"repeat","background-position":"center center","background-size":"auto","background-attachment":"scroll","background-type":"","background-media":"","overlay-type":"","overlay-color":"","overlay-opacity":"","overlay-gradient":""}},"footnotes":""},"class_list":["post-273","page","type-page","status-publish","hentry"],"yoast_head":"<!-- This site is optimized with the Yoast SEO plugin v26.6 - https:\/\/yoast.com\/wordpress\/plugins\/seo\/ -->\n<title>Sobre Nosotros - Arenato<\/title>\n<meta name=\"description\" content=\"Agromec\u00e1nica Renato | M\u00e1s de 24 a\u00f1os como distribuidores de maquinaria agr\u00edcola y de construcci\u00f3n, Dedicaci\u00f3n y el servicio a nuestros clientes.\" \/>\n<meta name=\"robots\" content=\"index, follow, max-snippet:-1, max-image-preview:large, max-video-preview:-1\" \/>\n<link rel=\"canonical\" href=\"https:\/\/arenato.es\/?page_id=273&lang=es\" \/>\n<meta property=\"og:locale\" content=\"es_ES\" \/>\n<meta property=\"og:type\" content=\"article\" \/>\n<meta property=\"og:title\" content=\"Sobre Nosotros - Arenato\" \/>\n<meta property=\"og:description\" content=\"Agromec\u00e1nica Renato | M\u00e1s de 24 a\u00f1os como distribuidores de maquinaria agr\u00edcola y de construcci\u00f3n, Dedicaci\u00f3n y el servicio a nuestros clientes.\" \/>\n<meta property=\"og:url\" content=\"https:\/\/arenato.es\/?page_id=273&amp;lang=es\" \/>\n<meta property=\"og:site_name\" content=\"Arenato\" \/>\n<meta property=\"article:modified_time\" content=\"2025-03-11T13:18:53+00:00\" \/>\n<meta property=\"og:image\" content=\"https:\/\/arenato.es\/wp-content\/uploads\/elementor\/thumbs\/10-r2pbrbndmhhvav2l2cu42y4drvsgg93hikeowjdax4.jpg\" \/>\n<meta name=\"twitter:card\" content=\"summary_large_image\" \/>\n<meta name=\"twitter:label1\" content=\"Tiempo de lectura\" \/>\n\t<meta name=\"twitter:data1\" content=\"2 minutos\" \/>\n<script type=\"application\/ld+json\" class=\"yoast-schema-graph\">{\"@context\":\"https:\/\/schema.org\",\"@graph\":[{\"@type\":\"WebPage\",\"@id\":\"https:\/\/arenato.es\/?page_id=273&lang=es\",\"url\":\"https:\/\/arenato.es\/?page_id=273&lang=es\",\"name\":\"Sobre Nosotros - Arenato\",\"isPartOf\":{\"@id\":\"https:\/\/arenato.es\/#website\"},\"primaryImageOfPage\":{\"@id\":\"https:\/\/arenato.es\/?page_id=273&lang=es#primaryimage\"},\"image\":{\"@id\":\"https:\/\/arenato.es\/?page_id=273&lang=es#primaryimage\"},\"thumbnailUrl\":\"https:\/\/arenato.es\/wp-content\/uploads\/elementor\/thumbs\/10-r2pbrbndmhhvav2l2cu42y4drvsgg93hikeowjdax4.jpg\",\"datePublished\":\"2025-03-11T12:50:18+00:00\",\"dateModified\":\"2025-03-11T13:18:53+00:00\",\"description\":\"Agromec\u00e1nica Renato | M\u00e1s de 24 a\u00f1os como distribuidores de maquinaria agr\u00edcola y de construcci\u00f3n, Dedicaci\u00f3n y el servicio a nuestros clientes.\",\"breadcrumb\":{\"@id\":\"https:\/\/arenato.es\/?page_id=273&lang=es#breadcrumb\"},\"inLanguage\":\"es\",\"potentialAction\":[{\"@type\":\"ReadAction\",\"target\":[\"https:\/\/arenato.es\/?page_id=273&lang=es\"]}]},{\"@type\":\"ImageObject\",\"inLanguage\":\"es\",\"@id\":\"https:\/\/arenato.es\/?page_id=273&lang=es#primaryimage\",\"url\":\"https:\/\/arenato.es\/wp-content\/uploads\/elementor\/thumbs\/10-r2pbrbndmhhvav2l2cu42y4drvsgg93hikeowjdax4.jpg\",\"contentUrl\":\"https:\/\/arenato.es\/wp-content\/uploads\/elementor\/thumbs\/10-r2pbrbndmhhvav2l2cu42y4drvsgg93hikeowjdax4.jpg\"},{\"@type\":\"BreadcrumbList\",\"@id\":\"https:\/\/arenato.es\/?page_id=273&lang=es#breadcrumb\",\"itemListElement\":[{\"@type\":\"ListItem\",\"position\":1,\"name\":\"Portada\",\"item\":\"https:\/\/arenato.es\/?page_id=24&lang=es\"},{\"@type\":\"ListItem\",\"position\":2,\"name\":\"Sobre Nosotros\"}]},{\"@type\":\"WebSite\",\"@id\":\"https:\/\/arenato.es\/#website\",\"url\":\"https:\/\/arenato.es\/\",\"name\":\"Arenato\",\"description\":\"Agromec\u00e1nica Renato, Lerma, Castilla y Le\u00f3n, Spain. Servicio Oficial New Holland. Red Tecno Taller. Taller reparaci\u00f3n de autom\u00f3viles y veh\u00edculos agr\u00edcolas.\",\"publisher\":{\"@id\":\"https:\/\/arenato.es\/#organization\"},\"potentialAction\":[{\"@type\":\"SearchAction\",\"target\":{\"@type\":\"EntryPoint\",\"urlTemplate\":\"https:\/\/arenato.es\/?s={search_term_string}\"},\"query-input\":{\"@type\":\"PropertyValueSpecification\",\"valueRequired\":true,\"valueName\":\"search_term_string\"}}],\"inLanguage\":\"es\"},{\"@type\":\"Organization\",\"@id\":\"https:\/\/arenato.es\/#organization\",\"name\":\"Arenato\",\"url\":\"https:\/\/arenato.es\/\",\"logo\":{\"@type\":\"ImageObject\",\"inLanguage\":\"es\",\"@id\":\"https:\/\/arenato.es\/#\/schema\/logo\/image\/\",\"url\":\"https:\/\/arenato.es\/wp-content\/uploads\/2025\/03\/logo_arenato.jpg\",\"contentUrl\":\"https:\/\/arenato.es\/wp-content\/uploads\/2025\/03\/logo_arenato.jpg\",\"width\":133,\"height\":133,\"caption\":\"Arenato\"},\"image\":{\"@id\":\"https:\/\/arenato.es\/#\/schema\/logo\/image\/\"}}]}<\/script>\n<!-- \/ Yoast SEO plugin. -->","yoast_head_json":{"title":"Sobre Nosotros - Arenato","description":"Agromec\u00e1nica Renato | M\u00e1s de 24 a\u00f1os como distribuidores de maquinaria agr\u00edcola y de construcci\u00f3n, Dedicaci\u00f3n y el servicio a nuestros clientes.","robots":{"index":"index","follow":"follow","max-snippet":"max-snippet:-1","max-image-preview":"max-image-preview:large","max-video-preview":"max-video-preview:-1"},"canonical":"https:\/\/arenato.es\/?page_id=273&lang=es","og_locale":"es_ES","og_type":"article","og_title":"Sobre Nosotros - Arenato","og_description":"Agromec\u00e1nica Renato | M\u00e1s de 24 a\u00f1os como distribuidores de maquinaria agr\u00edcola y de construcci\u00f3n, Dedicaci\u00f3n y el servicio a nuestros clientes.","og_url":"https:\/\/arenato.es\/?page_id=273&lang=es","og_site_name":"Arenato","article_modified_time":"2025-03-11T13:18:53+00:00","og_image":[{"url":"https:\/\/arenato.es\/wp-content\/uploads\/elementor\/thumbs\/10-r2pbrbndmhhvav2l2cu42y4drvsgg93hikeowjdax4.jpg","type":"","width":"","height":""}],"twitter_card":"summary_large_image","twitter_misc":{"Tiempo de lectura":"2 minutos"},"schema":{"@context":"https:\/\/schema.org","@graph":[{"@type":"WebPage","@id":"https:\/\/arenato.es\/?page_id=273&lang=es","url":"https:\/\/arenato.es\/?page_id=273&lang=es","name":"Sobre Nosotros - Arenato","isPartOf":{"@id":"https:\/\/arenato.es\/#website"},"primaryImageOfPage":{"@id":"https:\/\/arenato.es\/?page_id=273&lang=es#primaryimage"},"image":{"@id":"https:\/\/arenato.es\/?page_id=273&lang=es#primaryimage"},"thumbnailUrl":"https:\/\/arenato.es\/wp-content\/uploads\/elementor\/thumbs\/10-r2pbrbndmhhvav2l2cu42y4drvsgg93hikeowjdax4.jpg","datePublished":"2025-03-11T12:50:18+00:00","dateModified":"2025-03-11T13:18:53+00:00","description":"Agromec\u00e1nica Renato | M\u00e1s de 24 a\u00f1os como distribuidores de maquinaria agr\u00edcola y de construcci\u00f3n, Dedicaci\u00f3n y el servicio a nuestros clientes.","breadcrumb":{"@id":"https:\/\/arenato.es\/?page_id=273&lang=es#breadcrumb"},"inLanguage":"es","potentialAction":[{"@type":"ReadAction","target":["https:\/\/arenato.es\/?page_id=273&lang=es"]}]},{"@type":"ImageObject","inLanguage":"es","@id":"https:\/\/arenato.es\/?page_id=273&lang=es#primaryimage","url":"https:\/\/arenato.es\/wp-content\/uploads\/elementor\/thumbs\/10-r2pbrbndmhhvav2l2cu42y4drvsgg93hikeowjdax4.jpg","contentUrl":"https:\/\/arenato.es\/wp-content\/uploads\/elementor\/thumbs\/10-r2pbrbndmhhvav2l2cu42y4drvsgg93hikeowjdax4.jpg"},{"@type":"BreadcrumbList","@id":"https:\/\/arenato.es\/?page_id=273&lang=es#breadcrumb","itemListElement":[{"@type":"ListItem","position":1,"name":"Portada","item":"https:\/\/arenato.es\/?page_id=24&lang=es"},{"@type":"ListItem","position":2,"name":"Sobre Nosotros"}]},{"@type":"WebSite","@id":"https:\/\/arenato.es\/#website","url":"https:\/\/arenato.es\/","name":"Arenato","description":"Agromec\u00e1nica Renato, Lerma, Castilla y Le\u00f3n, Spain. Servicio Oficial New Holland. Red Tecno Taller. Taller reparaci\u00f3n de autom\u00f3viles y veh\u00edculos agr\u00edcolas.","publisher":{"@id":"https:\/\/arenato.es\/#organization"},"potentialAction":[{"@type":"SearchAction","target":{"@type":"EntryPoint","urlTemplate":"https:\/\/arenato.es\/?s={search_term_string}"},"query-input":{"@type":"PropertyValueSpecification","valueRequired":true,"valueName":"search_term_string"}}],"inLanguage":"es"},{"@type":"Organization","@id":"https:\/\/arenato.es\/#organization","name":"Arenato","url":"https:\/\/arenato.es\/","logo":{"@type":"ImageObject","inLanguage":"es","@id":"https:\/\/arenato.es\/#\/schema\/logo\/image\/","url":"https:\/\/arenato.es\/wp-content\/uploads\/2025\/03\/logo_arenato.jpg","contentUrl":"https:\/\/arenato.es\/wp-content\/uploads\/2025\/03\/logo_arenato.jpg","width":133,"height":133,"caption":"Arenato"},"image":{"@id":"https:\/\/arenato.es\/#\/schema\/logo\/image\/"}}]}},"_links":{"self":[{"href":"https:\/\/arenato.es\/index.php?rest_route=\/wp\/v2\/pages\/273","targetHints":{"allow":["GET"]}}],"collection":[{"href":"https:\/\/arenato.es\/index.php?rest_route=\/wp\/v2\/pages"}],"about":[{"href":"https:\/\/arenato.es\/index.php?rest_route=\/wp\/v2\/types\/page"}],"author":[{"embeddable":true,"href":"https:\/\/arenato.es\/index.php?rest_route=\/wp\/v2\/users\/2"}],"replies":[{"embeddable":true,"href":"https:\/\/arenato.es\/index.php?rest_route=%2Fwp%2Fv2%2Fcomments&post=273"}],"version-history":[{"count":4,"href":"https:\/\/arenato.es\/index.php?rest_route=\/wp\/v2\/pages\/273\/revisions"}],"predecessor-version":[{"id":278,"href":"https:\/\/arenato.es\/index.php?rest_route=\/wp\/v2\/pages\/273\/revisions\/278"}],"wp:attachment":[{"href":"https:\/\/arenato.es\/index.php?rest_route=%2Fwp%2Fv2%2Fmedia&parent=273"}],"curies":[{"name":"wp","href":"https:\/\/api.w.org\/{rel}","templated":true}]}}