{"id":263,"date":"2025-03-11T12:39:06","date_gmt":"2025-03-11T12:39:06","guid":{"rendered":"https:\/\/arenato.es\/?page_id=263"},"modified":"2025-03-11T13:18:37","modified_gmt":"2025-03-11T13:18:37","slug":"about-us","status":"publish","type":"page","link":"https:\/\/arenato.es\/?page_id=263","title":{"rendered":"About us"},"content":{"rendered":"\t\t<div data-elementor-type=\"wp-page\" data-elementor-id=\"263\" class=\"elementor elementor-263\">\n\t\t\t\t<div class=\"elementor-element elementor-element-97d57a0 e-flex e-con-boxed e-con e-parent\" data-id=\"97d57a0\" data-element_type=\"container\">\n\t\t\t\t\t<div class=\"e-con-inner\">\n\t\t\t\t<div class=\"elementor-element elementor-element-79ce9c8 elementor-widget elementor-widget-heading\" data-id=\"79ce9c8\" data-element_type=\"widget\" data-widget_type=\"heading.default\">\n\t\t\t\t<div class=\"elementor-widget-container\">\n\t\t\t\t\t<h2 class=\"elementor-heading-title elementor-size-default\">About us<\/h2>\t\t\t\t<\/div>\n\t\t\t\t<\/div>\n\t\t\t\t<div class=\"elementor-element elementor-element-1897782 elementor-widget elementor-widget-text-editor\" data-id=\"1897782\" data-element_type=\"widget\" data-widget_type=\"text-editor.default\">\n\t\t\t\t<div class=\"elementor-widget-container\">\n\t\t\t\t\t\t\t\t\t<p>AGROMEC\u00c1NICA RENATO is a company dedicated to the maintenance and repair of vehicles, offering a wide range of services to ensure their perfect condition. Our priority is to offer a close and professional service to our customers, as well as treating the vehicle as if it were our own. We want our customers to enjoy their vehicles in the best conditions, both in terms of safety and quality and performance. For any questions, do not hesitate to contact us.<\/p>\t\t\t\t\t\t\t\t<\/div>\n\t\t\t\t<\/div>\n\t\t\t\t<div class=\"elementor-element elementor-element-35c40d5 elementor-widget__width-inherit elementor-widget elementor-widget-image\" data-id=\"35c40d5\" data-element_type=\"widget\" data-widget_type=\"image.default\">\n\t\t\t\t<div class=\"elementor-widget-container\">\n\t\t\t\t\t\t\t\t\t\t\t\t\t\t\t<img decoding=\"async\" src=\"https:\/\/arenato.es\/wp-content\/uploads\/elementor\/thumbs\/10-rg7i1s1keavkyn5f2gpv5c22dhkfq7rot656pjtymg.jpg\" title=\"AGROMEC\u00c1NICA RENATO\" alt=\"AGROMEC\u00c1NICA RENATO\" loading=\"lazy\" \/>\t\t\t\t\t\t\t\t\t\t\t\t\t\t\t<\/div>\n\t\t\t\t<\/div>\n\t\t\t\t<div class=\"elementor-element elementor-element-d250098 elementor-widget elementor-widget-text-editor\" data-id=\"d250098\" data-element_type=\"widget\" data-widget_type=\"text-editor.default\">\n\t\t\t\t<div class=\"elementor-widget-container\">\n\t\t\t\t\t\t\t\t\t<p>Today we are the leading importer and exporter of quality second-hand agricultural tractors and related equipment in EU, with a stock of over 100 machines. In recent years we have also built a large stock of construction equipment. We sell to both farmers and other agricultural users as well as to trade buyers and members of the public. We can source to your requirements.<\/p>\t\t\t\t\t\t\t\t<\/div>\n\t\t\t\t<\/div>\n\t\t\t\t<div class=\"elementor-element elementor-element-0964d4d elementor-widget__width-inherit elementor-widget elementor-widget-image\" data-id=\"0964d4d\" data-element_type=\"widget\" data-widget_type=\"image.default\">\n\t\t\t\t<div class=\"elementor-widget-container\">\n\t\t\t\t\t\t\t\t\t\t\t\t\t\t\t<img decoding=\"async\" src=\"https:\/\/arenato.es\/wp-content\/uploads\/elementor\/thumbs\/12-rg7i1s1keavkyn5f2gpv5c22dhkfq7rot656pjtymg.jpg\" title=\"AGROMEC\u00c1NICA RENATO\" alt=\"AGROMEC\u00c1NICA RENATO\" loading=\"lazy\" \/>\t\t\t\t\t\t\t\t\t\t\t\t\t\t\t<\/div>\n\t\t\t\t<\/div>\n\t\t\t\t\t<\/div>\n\t\t\t\t<\/div>\n\t\t\t\t<\/div>\n\t\t","protected":false},"excerpt":{"rendered":"<p>About us AGROMEC\u00c1NICA RENATO is a company dedicated to the maintenance and repair of vehicles, offering a wide range of [&hellip;]<\/p>\n","protected":false},"author":2,"featured_media":0,"parent":0,"menu_order":0,"comment_status":"closed","ping_status":"closed","template":"","meta":{"site-sidebar-layout":"no-sidebar","site-content-layout":"","ast-site-content-layout":"full-width-container","site-content-style":"default","site-sidebar-style":"default","ast-global-header-display":"","ast-banner-title-visibility":"","ast-main-header-display":"","ast-hfb-above-header-display":"","ast-hfb-below-header-display":"","ast-hfb-mobile-header-display":"","site-post-title":"disabled","ast-breadcrumbs-content":"","ast-featured-img":"disabled","footer-sml-layout":"","theme-transparent-header-meta":"","adv-header-id-meta":"","stick-header-meta":"","header-above-stick-meta":"","header-main-stick-meta":"","header-below-stick-meta":"","astra-migrate-meta-layouts":"default","ast-page-background-enabled":"default","ast-page-background-meta":{"desktop":{"background-color":"var(--ast-global-color-5)","background-image":"","background-repeat":"repeat","background-position":"center center","background-size":"auto","background-attachment":"scroll","background-type":"","background-media":"","overlay-type":"","overlay-color":"","overlay-opacity":"","overlay-gradient":""},"tablet":{"background-color":"","background-image":"","background-repeat":"repeat","background-position":"center center","background-size":"auto","background-attachment":"scroll","background-type":"","background-media":"","overlay-type":"","overlay-color":"","overlay-opacity":"","overlay-gradient":""},"mobile":{"background-color":"","background-image":"","background-repeat":"repeat","background-position":"center center","background-size":"auto","background-attachment":"scroll","background-type":"","background-media":"","overlay-type":"","overlay-color":"","overlay-opacity":"","overlay-gradient":""}},"ast-content-background-meta":{"desktop":{"background-color":"var(--ast-global-color-4)","background-image":"","background-repeat":"repeat","background-position":"center center","background-size":"auto","background-attachment":"scroll","background-type":"","background-media":"","overlay-type":"","overlay-color":"","overlay-opacity":"","overlay-gradient":""},"tablet":{"background-color":"var(--ast-global-color-4)","background-image":"","background-repeat":"repeat","background-position":"center center","background-size":"auto","background-attachment":"scroll","background-type":"","background-media":"","overlay-type":"","overlay-color":"","overlay-opacity":"","overlay-gradient":""},"mobile":{"background-color":"var(--ast-global-color-4)","background-image":"","background-repeat":"repeat","background-position":"center center","background-size":"auto","background-attachment":"scroll","background-type":"","background-media":"","overlay-type":"","overlay-color":"","overlay-opacity":"","overlay-gradient":""}},"footnotes":""},"class_list":["post-263","page","type-page","status-publish","hentry"],"yoast_head":"<!-- This site is optimized with the Yoast SEO plugin v26.6 - https:\/\/yoast.com\/wordpress\/plugins\/seo\/ -->\n<title>About us - Arenato<\/title>\n<meta name=\"description\" content=\"Agromec\u00e1nica Renato | More than 24 years as distributors of agricultural and construction machinery, Dedication and service to our customers.\" \/>\n<meta name=\"robots\" content=\"index, follow, max-snippet:-1, max-image-preview:large, max-video-preview:-1\" \/>\n<link rel=\"canonical\" href=\"https:\/\/arenato.es\/?page_id=263\" \/>\n<meta property=\"og:locale\" content=\"es_ES\" \/>\n<meta property=\"og:type\" content=\"article\" \/>\n<meta property=\"og:title\" content=\"About us - Arenato\" \/>\n<meta property=\"og:description\" content=\"Agromec\u00e1nica Renato | More than 24 years as distributors of agricultural and construction machinery, Dedication and service to our customers.\" \/>\n<meta property=\"og:url\" content=\"https:\/\/arenato.es\/?page_id=263\" \/>\n<meta property=\"og:site_name\" content=\"Arenato\" \/>\n<meta property=\"article:modified_time\" content=\"2025-03-11T13:18:37+00:00\" \/>\n<meta property=\"og:image\" content=\"https:\/\/arenato.es\/wp-content\/uploads\/elementor\/thumbs\/10-r2pbrbndmhhvav2l2cu42y4drvsgg93hikeowjdax4.jpg\" \/>\n<meta name=\"twitter:card\" content=\"summary_large_image\" \/>\n<meta name=\"twitter:label1\" content=\"Tiempo de lectura\" \/>\n\t<meta name=\"twitter:data1\" content=\"2 minutos\" \/>\n<script type=\"application\/ld+json\" class=\"yoast-schema-graph\">{\"@context\":\"https:\/\/schema.org\",\"@graph\":[{\"@type\":\"WebPage\",\"@id\":\"https:\/\/arenato.es\/?page_id=263\",\"url\":\"https:\/\/arenato.es\/?page_id=263\",\"name\":\"About us - Arenato\",\"isPartOf\":{\"@id\":\"https:\/\/arenato.es\/#website\"},\"primaryImageOfPage\":{\"@id\":\"https:\/\/arenato.es\/?page_id=263#primaryimage\"},\"image\":{\"@id\":\"https:\/\/arenato.es\/?page_id=263#primaryimage\"},\"thumbnailUrl\":\"https:\/\/arenato.es\/wp-content\/uploads\/elementor\/thumbs\/10-r2pbrbndmhhvav2l2cu42y4drvsgg93hikeowjdax4.jpg\",\"datePublished\":\"2025-03-11T12:39:06+00:00\",\"dateModified\":\"2025-03-11T13:18:37+00:00\",\"description\":\"Agromec\u00e1nica Renato | More than 24 years as distributors of agricultural and construction machinery, Dedication and service to our customers.\",\"breadcrumb\":{\"@id\":\"https:\/\/arenato.es\/?page_id=263#breadcrumb\"},\"inLanguage\":\"es\",\"potentialAction\":[{\"@type\":\"ReadAction\",\"target\":[\"https:\/\/arenato.es\/?page_id=263\"]}]},{\"@type\":\"ImageObject\",\"inLanguage\":\"es\",\"@id\":\"https:\/\/arenato.es\/?page_id=263#primaryimage\",\"url\":\"https:\/\/arenato.es\/wp-content\/uploads\/elementor\/thumbs\/10-r2pbrbndmhhvav2l2cu42y4drvsgg93hikeowjdax4.jpg\",\"contentUrl\":\"https:\/\/arenato.es\/wp-content\/uploads\/elementor\/thumbs\/10-r2pbrbndmhhvav2l2cu42y4drvsgg93hikeowjdax4.jpg\"},{\"@type\":\"BreadcrumbList\",\"@id\":\"https:\/\/arenato.es\/?page_id=263#breadcrumb\",\"itemListElement\":[{\"@type\":\"ListItem\",\"position\":1,\"name\":\"Portada\",\"item\":\"https:\/\/arenato.es\/?page_id=24&lang=es\"},{\"@type\":\"ListItem\",\"position\":2,\"name\":\"About us\"}]},{\"@type\":\"WebSite\",\"@id\":\"https:\/\/arenato.es\/#website\",\"url\":\"https:\/\/arenato.es\/\",\"name\":\"Arenato\",\"description\":\"Agromec\u00e1nica Renato, Lerma, Castilla y Le\u00f3n, Spain. Servicio Oficial New Holland. Red Tecno Taller. Taller reparaci\u00f3n de autom\u00f3viles y veh\u00edculos agr\u00edcolas.\",\"publisher\":{\"@id\":\"https:\/\/arenato.es\/#organization\"},\"potentialAction\":[{\"@type\":\"SearchAction\",\"target\":{\"@type\":\"EntryPoint\",\"urlTemplate\":\"https:\/\/arenato.es\/?s={search_term_string}\"},\"query-input\":{\"@type\":\"PropertyValueSpecification\",\"valueRequired\":true,\"valueName\":\"search_term_string\"}}],\"inLanguage\":\"es\"},{\"@type\":\"Organization\",\"@id\":\"https:\/\/arenato.es\/#organization\",\"name\":\"Arenato\",\"url\":\"https:\/\/arenato.es\/\",\"logo\":{\"@type\":\"ImageObject\",\"inLanguage\":\"es\",\"@id\":\"https:\/\/arenato.es\/#\/schema\/logo\/image\/\",\"url\":\"https:\/\/arenato.es\/wp-content\/uploads\/2025\/03\/logo_arenato.jpg\",\"contentUrl\":\"https:\/\/arenato.es\/wp-content\/uploads\/2025\/03\/logo_arenato.jpg\",\"width\":133,\"height\":133,\"caption\":\"Arenato\"},\"image\":{\"@id\":\"https:\/\/arenato.es\/#\/schema\/logo\/image\/\"}}]}<\/script>\n<!-- \/ Yoast SEO plugin. -->","yoast_head_json":{"title":"About us - Arenato","description":"Agromec\u00e1nica Renato | More than 24 years as distributors of agricultural and construction machinery, Dedication and service to our customers.","robots":{"index":"index","follow":"follow","max-snippet":"max-snippet:-1","max-image-preview":"max-image-preview:large","max-video-preview":"max-video-preview:-1"},"canonical":"https:\/\/arenato.es\/?page_id=263","og_locale":"es_ES","og_type":"article","og_title":"About us - Arenato","og_description":"Agromec\u00e1nica Renato | More than 24 years as distributors of agricultural and construction machinery, Dedication and service to our customers.","og_url":"https:\/\/arenato.es\/?page_id=263","og_site_name":"Arenato","article_modified_time":"2025-03-11T13:18:37+00:00","og_image":[{"url":"https:\/\/arenato.es\/wp-content\/uploads\/elementor\/thumbs\/10-r2pbrbndmhhvav2l2cu42y4drvsgg93hikeowjdax4.jpg","type":"","width":"","height":""}],"twitter_card":"summary_large_image","twitter_misc":{"Tiempo de lectura":"2 minutos"},"schema":{"@context":"https:\/\/schema.org","@graph":[{"@type":"WebPage","@id":"https:\/\/arenato.es\/?page_id=263","url":"https:\/\/arenato.es\/?page_id=263","name":"About us - Arenato","isPartOf":{"@id":"https:\/\/arenato.es\/#website"},"primaryImageOfPage":{"@id":"https:\/\/arenato.es\/?page_id=263#primaryimage"},"image":{"@id":"https:\/\/arenato.es\/?page_id=263#primaryimage"},"thumbnailUrl":"https:\/\/arenato.es\/wp-content\/uploads\/elementor\/thumbs\/10-r2pbrbndmhhvav2l2cu42y4drvsgg93hikeowjdax4.jpg","datePublished":"2025-03-11T12:39:06+00:00","dateModified":"2025-03-11T13:18:37+00:00","description":"Agromec\u00e1nica Renato | More than 24 years as distributors of agricultural and construction machinery, Dedication and service to our customers.","breadcrumb":{"@id":"https:\/\/arenato.es\/?page_id=263#breadcrumb"},"inLanguage":"es","potentialAction":[{"@type":"ReadAction","target":["https:\/\/arenato.es\/?page_id=263"]}]},{"@type":"ImageObject","inLanguage":"es","@id":"https:\/\/arenato.es\/?page_id=263#primaryimage","url":"https:\/\/arenato.es\/wp-content\/uploads\/elementor\/thumbs\/10-r2pbrbndmhhvav2l2cu42y4drvsgg93hikeowjdax4.jpg","contentUrl":"https:\/\/arenato.es\/wp-content\/uploads\/elementor\/thumbs\/10-r2pbrbndmhhvav2l2cu42y4drvsgg93hikeowjdax4.jpg"},{"@type":"BreadcrumbList","@id":"https:\/\/arenato.es\/?page_id=263#breadcrumb","itemListElement":[{"@type":"ListItem","position":1,"name":"Portada","item":"https:\/\/arenato.es\/?page_id=24&lang=es"},{"@type":"ListItem","position":2,"name":"About us"}]},{"@type":"WebSite","@id":"https:\/\/arenato.es\/#website","url":"https:\/\/arenato.es\/","name":"Arenato","description":"Agromec\u00e1nica Renato, Lerma, Castilla y Le\u00f3n, Spain. Servicio Oficial New Holland. Red Tecno Taller. Taller reparaci\u00f3n de autom\u00f3viles y veh\u00edculos agr\u00edcolas.","publisher":{"@id":"https:\/\/arenato.es\/#organization"},"potentialAction":[{"@type":"SearchAction","target":{"@type":"EntryPoint","urlTemplate":"https:\/\/arenato.es\/?s={search_term_string}"},"query-input":{"@type":"PropertyValueSpecification","valueRequired":true,"valueName":"search_term_string"}}],"inLanguage":"es"},{"@type":"Organization","@id":"https:\/\/arenato.es\/#organization","name":"Arenato","url":"https:\/\/arenato.es\/","logo":{"@type":"ImageObject","inLanguage":"es","@id":"https:\/\/arenato.es\/#\/schema\/logo\/image\/","url":"https:\/\/arenato.es\/wp-content\/uploads\/2025\/03\/logo_arenato.jpg","contentUrl":"https:\/\/arenato.es\/wp-content\/uploads\/2025\/03\/logo_arenato.jpg","width":133,"height":133,"caption":"Arenato"},"image":{"@id":"https:\/\/arenato.es\/#\/schema\/logo\/image\/"}}]}},"_links":{"self":[{"href":"https:\/\/arenato.es\/index.php?rest_route=\/wp\/v2\/pages\/263","targetHints":{"allow":["GET"]}}],"collection":[{"href":"https:\/\/arenato.es\/index.php?rest_route=\/wp\/v2\/pages"}],"about":[{"href":"https:\/\/arenato.es\/index.php?rest_route=\/wp\/v2\/types\/page"}],"author":[{"embeddable":true,"href":"https:\/\/arenato.es\/index.php?rest_route=\/wp\/v2\/users\/2"}],"replies":[{"embeddable":true,"href":"https:\/\/arenato.es\/index.php?rest_route=%2Fwp%2Fv2%2Fcomments&post=263"}],"version-history":[{"count":7,"href":"https:\/\/arenato.es\/index.php?rest_route=\/wp\/v2\/pages\/263\/revisions"}],"predecessor-version":[{"id":272,"href":"https:\/\/arenato.es\/index.php?rest_route=\/wp\/v2\/pages\/263\/revisions\/272"}],"wp:attachment":[{"href":"https:\/\/arenato.es\/index.php?rest_route=%2Fwp%2Fv2%2Fmedia&parent=263"}],"curies":[{"name":"wp","href":"https:\/\/api.w.org\/{rel}","templated":true}]}}