{"id":257,"date":"2025-03-11T12:30:52","date_gmt":"2025-03-11T12:30:52","guid":{"rendered":"https:\/\/arenato.es\/?page_id=257"},"modified":"2025-03-12T11:50:56","modified_gmt":"2025-03-12T11:50:56","slug":"contacto-2","status":"publish","type":"page","link":"https:\/\/arenato.es\/?page_id=257&lang=es","title":{"rendered":"Contacto"},"content":{"rendered":"\t\t<div data-elementor-type=\"wp-page\" data-elementor-id=\"257\" class=\"elementor elementor-257\">\n\t\t\t\t<div class=\"elementor-element elementor-element-5cf418f e-flex e-con-boxed e-con e-parent\" data-id=\"5cf418f\" data-element_type=\"container\">\n\t\t\t\t\t<div class=\"e-con-inner\">\n\t\t\t\t<div class=\"elementor-element elementor-element-c8d8d6c elementor-widget elementor-widget-heading\" data-id=\"c8d8d6c\" data-element_type=\"widget\" data-widget_type=\"heading.default\">\n\t\t\t\t<div class=\"elementor-widget-container\">\n\t\t\t\t\t<h2 class=\"elementor-heading-title elementor-size-default\">Contacto<\/h2>\t\t\t\t<\/div>\n\t\t\t\t<\/div>\n\t\t\t\t\t<\/div>\n\t\t\t\t<\/div>\n\t\t<div class=\"elementor-element elementor-element-0f2d162 e-flex e-con-boxed e-con e-parent\" data-id=\"0f2d162\" data-element_type=\"container\">\n\t\t\t\t\t<div class=\"e-con-inner\">\n\t\t\t\t<div class=\"elementor-element elementor-element-db6d677 elementor-widget elementor-widget-shortcode\" data-id=\"db6d677\" data-element_type=\"widget\" data-widget_type=\"shortcode.default\">\n\t\t\t\t<div class=\"elementor-widget-container\">\n\t\t\t\t\t\t\t<div class=\"elementor-shortcode\">\n<div class=\"wpcf7 no-js\" id=\"wpcf7-f284-o1\" lang=\"es-ES\" dir=\"ltr\" data-wpcf7-id=\"284\">\n<div class=\"screen-reader-response\"><p role=\"status\" aria-live=\"polite\" aria-atomic=\"true\"><\/p> <ul><\/ul><\/div>\n<form action=\"\/index.php?rest_route=%2Fwp%2Fv2%2Fpages%2F257#wpcf7-f284-o1\" method=\"post\" class=\"wpcf7-form init\" aria-label=\"Formulario de contacto\" novalidate=\"novalidate\" data-status=\"init\">\n<fieldset class=\"hidden-fields-container\"><input type=\"hidden\" name=\"_wpcf7\" value=\"284\" \/><input type=\"hidden\" name=\"_wpcf7_version\" value=\"6.1.4\" \/><input type=\"hidden\" name=\"_wpcf7_locale\" value=\"es_ES\" \/><input type=\"hidden\" name=\"_wpcf7_unit_tag\" value=\"wpcf7-f284-o1\" \/><input type=\"hidden\" name=\"_wpcf7_container_post\" value=\"0\" \/><input type=\"hidden\" name=\"_wpcf7_posted_data_hash\" value=\"\" \/>\n<\/fieldset>\n<p><label> Tu nombre<br \/>\n<span class=\"wpcf7-form-control-wrap\" data-name=\"your-name\"><input size=\"40\" maxlength=\"400\" class=\"wpcf7-form-control wpcf7-text wpcf7-validates-as-required\" autocomplete=\"name\" aria-required=\"true\" aria-invalid=\"false\" value=\"\" type=\"text\" name=\"your-name\" \/><\/span> <\/label>\n<\/p>\n<p><label> Tu correo electr\u00f3nico<br \/>\n<span class=\"wpcf7-form-control-wrap\" data-name=\"your-email\"><input size=\"40\" maxlength=\"400\" class=\"wpcf7-form-control wpcf7-email wpcf7-validates-as-required wpcf7-text wpcf7-validates-as-email\" autocomplete=\"email\" aria-required=\"true\" aria-invalid=\"false\" value=\"\" type=\"email\" name=\"your-email\" \/><\/span> <\/label>\n<\/p>\n<p><label> Asunto<br \/>\n<span class=\"wpcf7-form-control-wrap\" data-name=\"your-subject\"><input size=\"40\" maxlength=\"400\" class=\"wpcf7-form-control wpcf7-text wpcf7-validates-as-required\" aria-required=\"true\" aria-invalid=\"false\" value=\"\" type=\"text\" name=\"your-subject\" \/><\/span> <\/label>\n<\/p>\n<p><label> Tu mensaje (opcional)<br \/>\n<span class=\"wpcf7-form-control-wrap\" data-name=\"your-message\"><textarea cols=\"40\" rows=\"10\" maxlength=\"2000\" class=\"wpcf7-form-control wpcf7-textarea\" aria-invalid=\"false\" name=\"your-message\"><\/textarea><\/span> <\/label>\n<\/p>\n<p><input class=\"wpcf7-form-control wpcf7-submit has-spinner\" type=\"submit\" value=\"Enviar\" \/>\n<\/p><div class=\"wpcf7-response-output\" aria-hidden=\"true\"><\/div>\n<\/form>\n<\/div>\n<\/div>\n\t\t\t\t\t\t<\/div>\n\t\t\t\t<\/div>\n\t\t\t\t\t<\/div>\n\t\t\t\t<\/div>\n\t\t<div class=\"elementor-element elementor-element-e746886 e-flex e-con-boxed e-con e-parent\" data-id=\"e746886\" data-element_type=\"container\">\n\t\t\t\t\t<div class=\"e-con-inner\">\n\t\t<div class=\"elementor-element elementor-element-a4d9793 e-grid e-con-full e-con e-child\" data-id=\"a4d9793\" data-element_type=\"container\">\n\t\t\t\t<div class=\"elementor-element elementor-element-4230d67 elementor-widget elementor-widget-text-editor\" data-id=\"4230d67\" data-element_type=\"widget\" data-widget_type=\"text-editor.default\">\n\t\t\t\t<div class=\"elementor-widget-container\">\n\t\t\t\t\t\t\t\t\t<p>En Agromecanica Renato valoramos sus comentarios y siempre estamos dispuestos a ayudarlo. Si tiene alguna pregunta, no dude en contactarnos.<\/p>\t\t\t\t\t\t\t\t<\/div>\n\t\t\t\t<\/div>\n\t\t\t\t<div class=\"elementor-element elementor-element-a629b28 elementor-widget elementor-widget-text-editor\" data-id=\"a629b28\" data-element_type=\"widget\" data-widget_type=\"text-editor.default\">\n\t\t\t\t<div class=\"elementor-widget-container\">\n\t\t\t\t\t\t\t\t\t<p><strong>Oficina Principal<\/strong><br \/>Carretera Madrid-irun (km 202 700)<br \/>09340, Lerma, Burgos, Spain<br \/>Phone: +34 947 17 21 51<\/p>\t\t\t\t\t\t\t\t<\/div>\n\t\t\t\t<\/div>\n\t\t\t\t<\/div>\n\t\t\t\t\t<\/div>\n\t\t\t\t<\/div>\n\t\t<div class=\"elementor-element elementor-element-f9ea33b e-flex e-con-boxed e-con e-parent\" data-id=\"f9ea33b\" data-element_type=\"container\">\n\t\t\t\t\t<div class=\"e-con-inner\">\n\t\t\t\t<div class=\"elementor-element elementor-element-8fbbcd9 elementor-widget elementor-widget-html\" data-id=\"8fbbcd9\" data-element_type=\"widget\" data-widget_type=\"html.default\">\n\t\t\t\t<div class=\"elementor-widget-container\">\n\t\t\t\t\t<iframe src=\"https:\/\/www.google.com\/maps\/embed?pb=!1m18!1m12!1m3!1d2963.16878848023!2d-3.7539515000000003!3d42.0395608!2m3!1f0!2f0!3f0!3m2!1i1024!2i768!4f13.1!3m3!1m2!1s0xd4677c32bf65741%3A0xde2964ff60f2ea9c!2sAgromec%C3%A1nica%20Renato!5e0!3m2!1ses!2ses!4v1741693765852!5m2!1ses!2ses\" width=\"1920\" height=\"400\" style=\"border:0;\" allowfullscreen=\"\" loading=\"lazy\" referrerpolicy=\"no-referrer-when-downgrade\"><\/iframe>\t\t\t\t<\/div>\n\t\t\t\t<\/div>\n\t\t\t\t\t<\/div>\n\t\t\t\t<\/div>\n\t\t\t\t<\/div>\n\t\t","protected":false},"excerpt":{"rendered":"<p>Contacto En Agromecanica Renato valoramos sus comentarios y siempre estamos dispuestos a ayudarlo. Si tiene alguna pregunta, no dude en [&hellip;]<\/p>\n","protected":false},"author":2,"featured_media":0,"parent":0,"menu_order":0,"comment_status":"closed","ping_status":"closed","template":"","meta":{"site-sidebar-layout":"no-sidebar","site-content-layout":"","ast-site-content-layout":"full-width-container","site-content-style":"default","site-sidebar-style":"default","ast-global-header-display":"","ast-banner-title-visibility":"","ast-main-header-display":"","ast-hfb-above-header-display":"","ast-hfb-below-header-display":"","ast-hfb-mobile-header-display":"","site-post-title":"disabled","ast-breadcrumbs-content":"","ast-featured-img":"disabled","footer-sml-layout":"","theme-transparent-header-meta":"","adv-header-id-meta":"","stick-header-meta":"","header-above-stick-meta":"","header-main-stick-meta":"","header-below-stick-meta":"","astra-migrate-meta-layouts":"default","ast-page-background-enabled":"default","ast-page-background-meta":{"desktop":{"background-color":"var(--ast-global-color-5)","background-image":"","background-repeat":"repeat","background-position":"center center","background-size":"auto","background-attachment":"scroll","background-type":"","background-media":"","overlay-type":"","overlay-color":"","overlay-opacity":"","overlay-gradient":""},"tablet":{"background-color":"","background-image":"","background-repeat":"repeat","background-position":"center center","background-size":"auto","background-attachment":"scroll","background-type":"","background-media":"","overlay-type":"","overlay-color":"","overlay-opacity":"","overlay-gradient":""},"mobile":{"background-color":"","background-image":"","background-repeat":"repeat","background-position":"center center","background-size":"auto","background-attachment":"scroll","background-type":"","background-media":"","overlay-type":"","overlay-color":"","overlay-opacity":"","overlay-gradient":""}},"ast-content-background-meta":{"desktop":{"background-color":"var(--ast-global-color-4)","background-image":"","background-repeat":"repeat","background-position":"center center","background-size":"auto","background-attachment":"scroll","background-type":"","background-media":"","overlay-type":"","overlay-color":"","overlay-opacity":"","overlay-gradient":""},"tablet":{"background-color":"var(--ast-global-color-4)","background-image":"","background-repeat":"repeat","background-position":"center center","background-size":"auto","background-attachment":"scroll","background-type":"","background-media":"","overlay-type":"","overlay-color":"","overlay-opacity":"","overlay-gradient":""},"mobile":{"background-color":"var(--ast-global-color-4)","background-image":"","background-repeat":"repeat","background-position":"center center","background-size":"auto","background-attachment":"scroll","background-type":"","background-media":"","overlay-type":"","overlay-color":"","overlay-opacity":"","overlay-gradient":""}},"footnotes":""},"class_list":["post-257","page","type-page","status-publish","hentry"],"yoast_head":"<!-- This site is optimized with the Yoast SEO plugin v26.6 - https:\/\/yoast.com\/wordpress\/plugins\/seo\/ -->\n<title>Contacto - Arenato<\/title>\n<meta name=\"description\" content=\"Agromec\u00e1nica Renato | M\u00e1s de 24 a\u00f1os como distribuidores de maquinaria agr\u00edcola y de construcci\u00f3n, Dedicaci\u00f3n y el servicio a nuestros clientes.\" \/>\n<meta name=\"robots\" content=\"index, follow, max-snippet:-1, max-image-preview:large, max-video-preview:-1\" \/>\n<link rel=\"canonical\" href=\"https:\/\/arenato.es\/?page_id=257&lang=es\" \/>\n<meta property=\"og:locale\" content=\"es_ES\" \/>\n<meta property=\"og:type\" content=\"article\" \/>\n<meta property=\"og:title\" content=\"Contacto - Arenato\" \/>\n<meta property=\"og:description\" content=\"Agromec\u00e1nica Renato | M\u00e1s de 24 a\u00f1os como distribuidores de maquinaria agr\u00edcola y de construcci\u00f3n, Dedicaci\u00f3n y el servicio a nuestros clientes.\" \/>\n<meta property=\"og:url\" content=\"https:\/\/arenato.es\/?page_id=257&amp;lang=es\" \/>\n<meta property=\"og:site_name\" content=\"Arenato\" \/>\n<meta property=\"article:modified_time\" content=\"2025-03-12T11:50:56+00:00\" \/>\n<meta name=\"twitter:card\" content=\"summary_large_image\" \/>\n<meta name=\"twitter:label1\" content=\"Tiempo de lectura\" \/>\n\t<meta name=\"twitter:data1\" content=\"1 minuto\" \/>\n<script type=\"application\/ld+json\" class=\"yoast-schema-graph\">{\"@context\":\"https:\/\/schema.org\",\"@graph\":[{\"@type\":\"WebPage\",\"@id\":\"https:\/\/arenato.es\/?page_id=257&lang=es\",\"url\":\"https:\/\/arenato.es\/?page_id=257&lang=es\",\"name\":\"Contacto - Arenato\",\"isPartOf\":{\"@id\":\"https:\/\/arenato.es\/#website\"},\"datePublished\":\"2025-03-11T12:30:52+00:00\",\"dateModified\":\"2025-03-12T11:50:56+00:00\",\"description\":\"Agromec\u00e1nica Renato | M\u00e1s de 24 a\u00f1os como distribuidores de maquinaria agr\u00edcola y de construcci\u00f3n, Dedicaci\u00f3n y el servicio a nuestros clientes.\",\"breadcrumb\":{\"@id\":\"https:\/\/arenato.es\/?page_id=257&lang=es#breadcrumb\"},\"inLanguage\":\"es\",\"potentialAction\":[{\"@type\":\"ReadAction\",\"target\":[\"https:\/\/arenato.es\/?page_id=257&lang=es\"]}]},{\"@type\":\"BreadcrumbList\",\"@id\":\"https:\/\/arenato.es\/?page_id=257&lang=es#breadcrumb\",\"itemListElement\":[{\"@type\":\"ListItem\",\"position\":1,\"name\":\"Portada\",\"item\":\"https:\/\/arenato.es\/?page_id=24&lang=es\"},{\"@type\":\"ListItem\",\"position\":2,\"name\":\"Contacto\"}]},{\"@type\":\"WebSite\",\"@id\":\"https:\/\/arenato.es\/#website\",\"url\":\"https:\/\/arenato.es\/\",\"name\":\"Arenato\",\"description\":\"Agromec\u00e1nica Renato, Lerma, Castilla y Le\u00f3n, Spain. Servicio Oficial New Holland. Red Tecno Taller. Taller reparaci\u00f3n de autom\u00f3viles y veh\u00edculos agr\u00edcolas.\",\"publisher\":{\"@id\":\"https:\/\/arenato.es\/#organization\"},\"potentialAction\":[{\"@type\":\"SearchAction\",\"target\":{\"@type\":\"EntryPoint\",\"urlTemplate\":\"https:\/\/arenato.es\/?s={search_term_string}\"},\"query-input\":{\"@type\":\"PropertyValueSpecification\",\"valueRequired\":true,\"valueName\":\"search_term_string\"}}],\"inLanguage\":\"es\"},{\"@type\":\"Organization\",\"@id\":\"https:\/\/arenato.es\/#organization\",\"name\":\"Arenato\",\"url\":\"https:\/\/arenato.es\/\",\"logo\":{\"@type\":\"ImageObject\",\"inLanguage\":\"es\",\"@id\":\"https:\/\/arenato.es\/#\/schema\/logo\/image\/\",\"url\":\"https:\/\/arenato.es\/wp-content\/uploads\/2025\/03\/logo_arenato.jpg\",\"contentUrl\":\"https:\/\/arenato.es\/wp-content\/uploads\/2025\/03\/logo_arenato.jpg\",\"width\":133,\"height\":133,\"caption\":\"Arenato\"},\"image\":{\"@id\":\"https:\/\/arenato.es\/#\/schema\/logo\/image\/\"}}]}<\/script>\n<!-- \/ Yoast SEO plugin. -->","yoast_head_json":{"title":"Contacto - Arenato","description":"Agromec\u00e1nica Renato | M\u00e1s de 24 a\u00f1os como distribuidores de maquinaria agr\u00edcola y de construcci\u00f3n, Dedicaci\u00f3n y el servicio a nuestros clientes.","robots":{"index":"index","follow":"follow","max-snippet":"max-snippet:-1","max-image-preview":"max-image-preview:large","max-video-preview":"max-video-preview:-1"},"canonical":"https:\/\/arenato.es\/?page_id=257&lang=es","og_locale":"es_ES","og_type":"article","og_title":"Contacto - Arenato","og_description":"Agromec\u00e1nica Renato | M\u00e1s de 24 a\u00f1os como distribuidores de maquinaria agr\u00edcola y de construcci\u00f3n, Dedicaci\u00f3n y el servicio a nuestros clientes.","og_url":"https:\/\/arenato.es\/?page_id=257&lang=es","og_site_name":"Arenato","article_modified_time":"2025-03-12T11:50:56+00:00","twitter_card":"summary_large_image","twitter_misc":{"Tiempo de lectura":"1 minuto"},"schema":{"@context":"https:\/\/schema.org","@graph":[{"@type":"WebPage","@id":"https:\/\/arenato.es\/?page_id=257&lang=es","url":"https:\/\/arenato.es\/?page_id=257&lang=es","name":"Contacto - Arenato","isPartOf":{"@id":"https:\/\/arenato.es\/#website"},"datePublished":"2025-03-11T12:30:52+00:00","dateModified":"2025-03-12T11:50:56+00:00","description":"Agromec\u00e1nica Renato | M\u00e1s de 24 a\u00f1os como distribuidores de maquinaria agr\u00edcola y de construcci\u00f3n, Dedicaci\u00f3n y el servicio a nuestros clientes.","breadcrumb":{"@id":"https:\/\/arenato.es\/?page_id=257&lang=es#breadcrumb"},"inLanguage":"es","potentialAction":[{"@type":"ReadAction","target":["https:\/\/arenato.es\/?page_id=257&lang=es"]}]},{"@type":"BreadcrumbList","@id":"https:\/\/arenato.es\/?page_id=257&lang=es#breadcrumb","itemListElement":[{"@type":"ListItem","position":1,"name":"Portada","item":"https:\/\/arenato.es\/?page_id=24&lang=es"},{"@type":"ListItem","position":2,"name":"Contacto"}]},{"@type":"WebSite","@id":"https:\/\/arenato.es\/#website","url":"https:\/\/arenato.es\/","name":"Arenato","description":"Agromec\u00e1nica Renato, Lerma, Castilla y Le\u00f3n, Spain. Servicio Oficial New Holland. Red Tecno Taller. Taller reparaci\u00f3n de autom\u00f3viles y veh\u00edculos agr\u00edcolas.","publisher":{"@id":"https:\/\/arenato.es\/#organization"},"potentialAction":[{"@type":"SearchAction","target":{"@type":"EntryPoint","urlTemplate":"https:\/\/arenato.es\/?s={search_term_string}"},"query-input":{"@type":"PropertyValueSpecification","valueRequired":true,"valueName":"search_term_string"}}],"inLanguage":"es"},{"@type":"Organization","@id":"https:\/\/arenato.es\/#organization","name":"Arenato","url":"https:\/\/arenato.es\/","logo":{"@type":"ImageObject","inLanguage":"es","@id":"https:\/\/arenato.es\/#\/schema\/logo\/image\/","url":"https:\/\/arenato.es\/wp-content\/uploads\/2025\/03\/logo_arenato.jpg","contentUrl":"https:\/\/arenato.es\/wp-content\/uploads\/2025\/03\/logo_arenato.jpg","width":133,"height":133,"caption":"Arenato"},"image":{"@id":"https:\/\/arenato.es\/#\/schema\/logo\/image\/"}}]}},"_links":{"self":[{"href":"https:\/\/arenato.es\/index.php?rest_route=\/wp\/v2\/pages\/257","targetHints":{"allow":["GET"]}}],"collection":[{"href":"https:\/\/arenato.es\/index.php?rest_route=\/wp\/v2\/pages"}],"about":[{"href":"https:\/\/arenato.es\/index.php?rest_route=\/wp\/v2\/types\/page"}],"author":[{"embeddable":true,"href":"https:\/\/arenato.es\/index.php?rest_route=\/wp\/v2\/users\/2"}],"replies":[{"embeddable":true,"href":"https:\/\/arenato.es\/index.php?rest_route=%2Fwp%2Fv2%2Fcomments&post=257"}],"version-history":[{"count":10,"href":"https:\/\/arenato.es\/index.php?rest_route=\/wp\/v2\/pages\/257\/revisions"}],"predecessor-version":[{"id":300,"href":"https:\/\/arenato.es\/index.php?rest_route=\/wp\/v2\/pages\/257\/revisions\/300"}],"wp:attachment":[{"href":"https:\/\/arenato.es\/index.php?rest_route=%2Fwp%2Fv2%2Fmedia&parent=257"}],"curies":[{"name":"wp","href":"https:\/\/api.w.org\/{rel}","templated":true}]}}